{"id":57,"date":"2019-01-13T01:15:14","date_gmt":"2019-01-13T01:15:14","guid":{"rendered":"http:\/\/curso.sergiocalderon.com.mx\/index.php\/inicio\/"},"modified":"2019-01-14T04:19:10","modified_gmt":"2019-01-14T04:19:10","slug":"inicio","status":"publish","type":"page","link":"https:\/\/curso.sergiocalderon.com.mx\/","title":{"rendered":"Inicio"},"content":{"rendered":"<p><!-- .container --><br \/>\n\t\t\t\t\t\t\t\t <!-- .overlay --><\/p>\n<p><a href=\"http:\/\/www.menti.com\"><br \/>\n\t\t\t\t\t\t\t\t\t\t\t\t\t\t\t\t\t\t\t\t\t\t\t\t\t<img loading=\"lazy\" width=\"160\" height=\"160\" src=\"http:\/\/curso.sergiocalderon.com.mx\/wp-content\/uploads\/2019\/01\/material-clase.png\" \/>\t\t\t\t\t\t\t\t\t\t\t\t\t\t\t\t\t\t\t\t\t\t\t\t\t<\/a><\/p>\n<p><a href=\"http:\/\/www.menti.com\"><br \/>\n\t\t\t\t\t\t\t\t\t\t\t\t\t\t\t\t\t\t\t\t\t\t\t\t\t\t\t\t\tPresentaci\u00f3n en clase\t\t\t\t\t\t\t\t\t\t\t\t\t\t\t\t\t\t\t\t\t\t\t\t\t\t\t\t\t<\/a><\/p>\n<p><a href=\"https:\/\/www.dropbox.com\/sh\/zcmsgxkr603ueh1\/AAAdfCE6y97jmA3pUVdX076ua?dl=0\"><br \/>\n\t\t\t\t\t\t\t\t\t\t\t\t\t\t\t\t\t\t\t\t\t\t\t\t\t<img loading=\"lazy\" width=\"160\" height=\"160\" src=\"http:\/\/curso.sergiocalderon.com.mx\/wp-content\/uploads\/2019\/01\/tareas.png\" \/>\t\t\t\t\t\t\t\t\t\t\t\t\t\t\t\t\t\t\t\t\t\t\t\t\t<\/a><\/p>\n<p><a href=\"https:\/\/www.dropbox.com\/sh\/zcmsgxkr603ueh1\/AAAdfCE6y97jmA3pUVdX076ua?dl=0\"><br \/>\n\t\t\t\t\t\t\t\t\t\t\t\t\t\t\t\t\t\t\t\t\t\t\t\t\t\t\t\t\tMateria de estudio\t\t\t\t\t\t\t\t\t\t\t\t\t\t\t\t\t\t\t\t\t\t\t\t\t\t\t\t\t<\/a><\/p>\n<p><a href=\"https:\/\/kahoot.it\/?_ga=2.211415125.1193321658.1547347263-81565936.1547347263&#038;deviceId=127429ef-5041-49c1-89e1-13985e5d2399R&#038;sessionId=1547349873340\"><br \/>\n\t\t\t\t\t\t\t\t\t\t\t\t\t\t\t\t\t\t\t\t\t\t\t\t\t<img loading=\"lazy\" width=\"160\" height=\"160\" src=\"http:\/\/curso.sergiocalderon.com.mx\/wp-content\/uploads\/2019\/01\/quizes.png\" \/>\t\t\t\t\t\t\t\t\t\t\t\t\t\t\t\t\t\t\t\t\t\t\t\t\t<\/a><\/p>\n<p><a href=\"https:\/\/kahoot.it\/?_ga=2.211415125.1193321658.1547347263-81565936.1547347263&#038;deviceId=127429ef-5041-49c1-89e1-13985e5d2399R&#038;sessionId=1547349873340\"><br \/>\n\t\t\t\t\t\t\t\t\t\t\t\t\t\t\t\t\t\t\t\t\t\t\t\t\t\t\t\t\tEx\u00e1menes y Cuestionarios\t\t\t\t\t\t\t\t\t\t\t\t\t\t\t\t\t\t\t\t\t\t\t\t\t\t\t\t\t<\/a><\/p>\n<p><!-- \/row --><\/p>\n<p><!-- Begin Mailchimp Signup Form --><\/p>\n<p>Reg\u00edstrate<\/p>\n<p>* indicates required<\/p>\n<p>Correo Electr\u00f3nico*<\/p>\n<p>Nombre(s)*<\/p>\n<p>Apellido*<\/p>\n<p>Sexo*<\/p>\n<p>Hombre<\/p>\n<p>Mujer<\/p>\n<p>N\u00famero Celular*<\/p>\n<p>()<\/p>\n<p>&#8211; <\/p>\n<p>(###) ###-####<\/p>\n<p>Cumplea\u00f1os*<\/p>\n<p>\/ <\/p>\n<p>( dd \/ mm )<\/p>\n<p>A\u00f1o de nacimiento*<\/p>\n<p>Escuela*<\/p>\n<p>Instituto de la Judicatura Federal<\/p>\n<p>UANE<\/p>\n<p>ULSA<\/p>\n<p>ITESM<\/p>\n<p>ULSA<\/p>\n<p>Universidad Carolina<\/p>\n<p>Materia*<\/p>\n<p>Derecho Internacional Privado<\/p>\n<p>Derecho Internacional P\u00fablico<\/p>\n<p>Derecho Migratorio<\/p>\n<p>Derecho Fiscal 1<\/p>\n<p>Derecho Fiscal 2<\/p>\n<p>Impuestos Federales<\/p>\n<p>Protocolo Internacional<\/p>\n<p>Emprendedurismo<\/p>\n<p>Matr\u00edcula (opcional) <\/p>\n<p>Experiencia Laboral <\/p>\n<p>\u00c1rea del Derecho a la que te gustar\u00eda dedicarte <\/p>\n<p>Qu\u00e9 te gustar\u00eda llevarte de aprendizaje del curso <\/p>\n<p><!-- real people should not fill this in and expect good things - do not remove this or risk form bot signups--><\/p>\n<p><!--End mc_embed_signup--><\/p>\n","protected":false},"excerpt":{"rendered":"<p class=\"excerpt\">Presentaci\u00f3n en clase Materia de estudio Ex\u00e1menes y Cuestionarios Reg\u00edstrate * indicates required Correo Electr\u00f3nico* Nombre(s)* Apellido* Sexo* Hombre Mujer N\u00famero Celular* () &#8211; (###) ###-#### Cumplea\u00f1os* \/ ( dd \/ mm ) A\u00f1o de nacimiento* Escuela* Instituto de la Judicatura Federal UANE ULSA ITESM ULSA Universidad Carolina Materia* Derecho Internacional Privado Derecho Internacional P\u00fablico [&hellip;]<\/p>\n","protected":false},"author":1,"featured_media":0,"parent":0,"menu_order":0,"comment_status":"closed","ping_status":"closed","template":"builder.php","meta":[],"_links":{"self":[{"href":"https:\/\/curso.sergiocalderon.com.mx\/index.php\/wp-json\/wp\/v2\/pages\/57"}],"collection":[{"href":"https:\/\/curso.sergiocalderon.com.mx\/index.php\/wp-json\/wp\/v2\/pages"}],"about":[{"href":"https:\/\/curso.sergiocalderon.com.mx\/index.php\/wp-json\/wp\/v2\/types\/page"}],"author":[{"embeddable":true,"href":"https:\/\/curso.sergiocalderon.com.mx\/index.php\/wp-json\/wp\/v2\/users\/1"}],"replies":[{"embeddable":true,"href":"https:\/\/curso.sergiocalderon.com.mx\/index.php\/wp-json\/wp\/v2\/comments?post=57"}],"version-history":[{"count":23,"href":"https:\/\/curso.sergiocalderon.com.mx\/index.php\/wp-json\/wp\/v2\/pages\/57\/revisions"}],"predecessor-version":[{"id":130,"href":"https:\/\/curso.sergiocalderon.com.mx\/index.php\/wp-json\/wp\/v2\/pages\/57\/revisions\/130"}],"wp:attachment":[{"href":"https:\/\/curso.sergiocalderon.com.mx\/index.php\/wp-json\/wp\/v2\/media?parent=57"}],"curies":[{"name":"wp","href":"https:\/\/api.w.org\/{rel}","templated":true}]}}